{"id":1834,"date":"2016-07-07T15:43:16","date_gmt":"2016-07-07T15:43:20","guid":{"rendered":"http:\/\/91.192.221.28\/~ussgroup\/aseco\/company\/czech\/contact-2-2-3\/"},"modified":"2023-06-08T12:00:56","modified_gmt":"2023-06-08T12:00:56","slug":"contact","status":"publish","type":"page","link":"https:\/\/usshost.no\/aseco\/company\/latvia\/contact\/","title":{"rendered":"Contact"},"content":{"rendered":"<h4><strong>ASECO Container Services SIA<\/strong><\/h4>\n<p>&#8220;Valdem\u0101ra Pas\u0101\u017ea&#8221; office centre<br \/>\nAristida Bri\u0101na street 9-2<br \/>\n1001 Riga, Latvia<\/p>\n<p>Phone: +371 672 20 324<\/p>\n<p><a href=\"mailto:aseco@aseco.lv\">aseco@aseco.lv<\/a><br \/>\n<a href=\"http:\/\/www.aseco.lv\/\">www.aseco.lv<\/a><\/p>\n","protected":false},"excerpt":{"rendered":"<p>ASECO Container Services SIA &#8220;Valdem\u0101ra Pas\u0101\u017ea&#8221; office centre Aristida Bri\u0101na street 9-2 1001 Riga, Latvia Phone: +371 672 20 324 aseco@aseco.lv www.aseco.lv<\/p>\n","protected":false},"author":3,"featured_media":0,"parent":1313,"menu_order":4,"comment_status":"closed","ping_status":"closed","template":"template-service.php","meta":{"_acf_changed":false,"footnotes":""},"class_list":["post-1834","page","type-page","status-publish","hentry"],"acf":[],"_links":{"self":[{"href":"https:\/\/usshost.no\/aseco\/wp-json\/wp\/v2\/pages\/1834","targetHints":{"allow":["GET"]}}],"collection":[{"href":"https:\/\/usshost.no\/aseco\/wp-json\/wp\/v2\/pages"}],"about":[{"href":"https:\/\/usshost.no\/aseco\/wp-json\/wp\/v2\/types\/page"}],"author":[{"embeddable":true,"href":"https:\/\/usshost.no\/aseco\/wp-json\/wp\/v2\/users\/3"}],"replies":[{"embeddable":true,"href":"https:\/\/usshost.no\/aseco\/wp-json\/wp\/v2\/comments?post=1834"}],"version-history":[{"count":1,"href":"https:\/\/usshost.no\/aseco\/wp-json\/wp\/v2\/pages\/1834\/revisions"}],"predecessor-version":[{"id":4294,"href":"https:\/\/usshost.no\/aseco\/wp-json\/wp\/v2\/pages\/1834\/revisions\/4294"}],"up":[{"embeddable":true,"href":"https:\/\/usshost.no\/aseco\/wp-json\/wp\/v2\/pages\/1313"}],"wp:attachment":[{"href":"https:\/\/usshost.no\/aseco\/wp-json\/wp\/v2\/media?parent=1834"}],"curies":[{"name":"wp","href":"https:\/\/api.w.org\/{rel}","templated":true}]}}