{"id":975,"date":"2016-07-07T15:18:46","date_gmt":"2016-07-07T15:18:46","guid":{"rendered":"https:\/\/usshost.no\/company\/estonia\/contact-2\/"},"modified":"2023-01-03T15:15:53","modified_gmt":"2023-01-03T15:15:53","slug":"contact","status":"publish","type":"page","link":"https:\/\/usshost.no\/nls\/company\/latvia\/contact\/","title":{"rendered":"Contact"},"content":{"rendered":"<p><strong>NLS Shipping SIA<\/strong><\/p>\n<p>&#8220;Valdem\u0101ra Pas\u0101\u017ea&#8221; office centre<br \/>\nAristida Bri\u0101na street 9-2<br \/>\n1001 Riga, Latvia<\/p>\n<p>Phone: +37167220324<br \/>\nFax: +37167799337<\/p>\n<p><a href=\"http:\/\/www.hanjin.lv\">www.hanjin.lv<\/a><\/p>\n","protected":false},"excerpt":{"rendered":"<p>NLS Shipping SIA &#8220;Valdem\u0101ra Pas\u0101\u017ea&#8221; office centre Aristida Bri\u0101na street 9-2 1001 Riga, Latvia Phone: +37167220324 Fax: +37167799337 www.hanjin.lv<\/p>\n","protected":false},"author":3,"featured_media":0,"parent":872,"menu_order":4,"comment_status":"closed","ping_status":"closed","template":"","meta":{"_acf_changed":false,"footnotes":""},"class_list":["post-975","page","type-page","status-publish","hentry"],"acf":[],"_links":{"self":[{"href":"https:\/\/usshost.no\/nls\/wp-json\/wp\/v2\/pages\/975","targetHints":{"allow":["GET"]}}],"collection":[{"href":"https:\/\/usshost.no\/nls\/wp-json\/wp\/v2\/pages"}],"about":[{"href":"https:\/\/usshost.no\/nls\/wp-json\/wp\/v2\/types\/page"}],"author":[{"embeddable":true,"href":"https:\/\/usshost.no\/nls\/wp-json\/wp\/v2\/users\/3"}],"replies":[{"embeddable":true,"href":"https:\/\/usshost.no\/nls\/wp-json\/wp\/v2\/comments?post=975"}],"version-history":[{"count":1,"href":"https:\/\/usshost.no\/nls\/wp-json\/wp\/v2\/pages\/975\/revisions"}],"predecessor-version":[{"id":1549,"href":"https:\/\/usshost.no\/nls\/wp-json\/wp\/v2\/pages\/975\/revisions\/1549"}],"up":[{"embeddable":true,"href":"https:\/\/usshost.no\/nls\/wp-json\/wp\/v2\/pages\/872"}],"wp:attachment":[{"href":"https:\/\/usshost.no\/nls\/wp-json\/wp\/v2\/media?parent=975"}],"curies":[{"name":"wp","href":"https:\/\/api.w.org\/{rel}","templated":true}]}}